{"id":226,"date":"2026-02-11T22:21:54","date_gmt":"2026-02-11T22:21:54","guid":{"rendered":"https:\/\/etbalkan.com\/?page_id=226"},"modified":"2026-02-17T14:45:42","modified_gmt":"2026-02-17T14:45:42","slug":"impresszum","status":"publish","type":"page","link":"https:\/\/etbalkan.com\/hu\/impresszum\/","title":{"rendered":"Impresszum"},"content":{"rendered":"<p>[et_pb_section fb_built=&#8221;1&#8243; _builder_version=&#8221;4.27.5&#8243; _module_preset=&#8221;default&#8221; global_colors_info=&#8221;{}&#8221;][et_pb_row _builder_version=&#8221;4.27.5&#8243; _module_preset=&#8221;default&#8221; global_colors_info=&#8221;{}&#8221;][et_pb_column type=&#8221;4_4&#8243; _builder_version=&#8221;4.27.5&#8243; _module_preset=&#8221;default&#8221; global_colors_info=&#8221;{}&#8221;][et_pb_heading title=&#8221;Impresszum&#8221; _builder_version=&#8221;4.27.5&#8243; _module_preset=&#8221;default&#8221; title_text_align=&#8221;center&#8221; title_font_size=&#8221;46px&#8221; title_font_size_tablet=&#8221;40px&#8221; title_font_size_phone=&#8221;32px&#8221; title_font_size_last_edited=&#8221;on|tablet&#8221; global_colors_info=&#8221;{}&#8221;][\/et_pb_heading][et_pb_text _builder_version=&#8221;4.27.5&#8243; _module_preset=&#8221;default&#8221; global_colors_info=&#8221;{}&#8221;]<\/p>\n<p><strong>1) Az \u00d6n \u00e1ltal megtekintett internetc\u00edmen el\u00e9rhet\u0151 internetes oldal, k\u00f6z\u00f6ss\u00e9gi m\u00e9dia fel\u00fclet \u2013 egy\u00fcttesen a tov\u00e1bbiakban: webhely \u2013 tartalm\u00e1\u00e9rt felel\u0151s adatkezel\u0151, illetve a domain \u00e9s a webhely tulajdonosa:<\/strong><\/p>\n<p><strong><span>EAST TRANSPORT BALKAN DOO SUBOTICA Magyarorsz\u00e1gi Kereskedelmi K\u00e9pviselete<\/span><\/strong><\/p>\n<p><span>1152 Budapest, Szentmih\u00e1lyi \u00fat 171. II. em. 2.60 C<br \/><\/span><span>Asz.: 32982910-1-42<\/span><\/p>\n<p><span>F\u0151v\u00e1rosi T\u00f6rv\u00e9nysz\u00e9k C\u00e9gb\u00edr\u00f3s\u00e1ga nyilv\u00e1ntart\u00e1s\u00e1ban.<\/span><\/p>\n<p><strong>2.) Az adatkezel\u00e9st fel\u00fcgyel\u0151 hat\u00f3s\u00e1g:<\/strong><\/p>\n<p><strong>Nemzeti Adatv\u00e9delmi \u00e9s Inform\u00e1ci\u00f3szabads\u00e1g Hat\u00f3s\u00e1g<\/strong><br \/>Sz\u00e9khely: 1125 Budapest, Falk Miksa utca 9-11.<br \/>Postac\u00edm: 1363 Budapest, Pf. 9.<br \/>Telefon: +36 30 683 5969<br \/>Fax: +36 1 391 1410<br \/>E-mail: ugyfelszolgalat@naih.hu<br \/>Webhely: http:\/\/www.naih.hu\/<\/p>\n<p><strong>3.) T\u00e1rhelyszolg\u00e1ltat\u00f3:<\/strong><\/p>\n<p><strong>KTS Online Kft<\/strong><br \/>Ad\u00f3sz\u00e1m: 29152106-2-08.<br \/>C\u00e9gjegyz\u00e9ksz\u00e1m: 08-09-032885<br \/>Gy\u0151ri T\u00f6rv\u00e9nysz\u00e9k C\u00e9gb\u00edr\u00f3s\u00e1ga nyilv\u00e1ntart\u00e1s\u00e1ban.<br \/>Statisztikai sz\u00e1mjel: 29152106-6311-113-08.<br \/>K\u00f6z\u00f6ss\u00e9gi ad\u00f3sz\u00e1m: HU29152106.<\/p>\n<p>SZ\u00c9KHELY 9024 Gy\u0151r, Bart\u00f3k B\u00e9la utca 26\/B f\u00f6ldszint 2.<br \/>TELEFON: +36-20\/316-2431<br \/>E-MAIL info@kts.hu<\/p>\n<p>SZERVERTEREM:\u00a0 1132 Budapest, Victor Hug\u00f3 utca 18-22.<\/p>\n<p><strong>4.) Ha Felhaszn\u00e1l\u00f3 (fogyaszt\u00f3) az Eur\u00f3pai Uni\u00f3ban \u00e9l, a szolg\u00e1ltat\u00e1sra vonatkoz\u00f3 panasz\u00e1val kapcsolatban ig\u00e9nybe veheti az Eur\u00f3pai Bizotts\u00e1g al\u00e1bbi online vitarendez\u00e9si eszk\u00f6z\u00e9t.<\/strong><\/p>\n<p><strong>Az Eur\u00f3pai Bizotts\u00e1g online vitarendez\u00e9si platformja<\/strong><br \/>Webhely:\u00a0<a href=\"https:\/\/webgate.ec.europa.eu\/odr\" target=\"_blank\" rel=\"noopener\">https:\/\/webgate.ec.europa.eu\/odr<\/a><\/p>\n<p>Ezt az internetalap\u00fa platformot az EU azoknak a fogyaszt\u00f3knak hozta l\u00e9tre, akik panasszal k\u00edv\u00e1nnak \u00e9lni az \u00e1ltaluk online v\u00e1s\u00e1rolt term\u00e9kekkel vagy szolg\u00e1ltat\u00e1sokkal kapcsolatban, \u00e9s fel szeretn\u00e9nek k\u00e9rni egy semleges harmadik felet (vitarendez\u00e9si test\u00fcletet) a panasz kezel\u00e9s\u00e9re.<\/p>\n<p>Az online vitarendez\u00e9si platformr\u00f3l \u00e9s haszn\u00e1lat\u00e1r\u00f3l, a vitarendez\u00e9s m\u00f3dj\u00e1r\u00f3l tov\u00e1bbi inform\u00e1ci\u00f3kat a fenti link haszn\u00e1lat\u00e1val el\u00e9rhet\u0151 webhelyen tal\u00e1l.<\/p>\n<p>[\/et_pb_text][\/et_pb_column][\/et_pb_row][\/et_pb_section]<\/p>\n","protected":false},"excerpt":{"rendered":"<p>1) Az \u00d6n \u00e1ltal megtekintett internetc\u00edmen el\u00e9rhet\u0151 internetes oldal, k\u00f6z\u00f6ss\u00e9gi m\u00e9dia fel\u00fclet \u2013 egy\u00fcttesen a tov\u00e1bbiakban: webhely \u2013 tartalm\u00e1\u00e9rt felel\u0151s adatkezel\u0151, illetve a domain \u00e9s a webhely tulajdonosa: EAST TRANSPORT BALKAN DOO SUBOTICA Magyarorsz\u00e1gi Kereskedelmi K\u00e9pviselete 1152 Budapest, Szentmih\u00e1lyi \u00fat 171. II. em. 2.60 CAsz.: 32982910-1-42 F\u0151v\u00e1rosi T\u00f6rv\u00e9nysz\u00e9k C\u00e9gb\u00edr\u00f3s\u00e1ga nyilv\u00e1ntart\u00e1s\u00e1ban. 2.) Az adatkezel\u00e9st fel\u00fcgyel\u0151 hat\u00f3s\u00e1g: [&hellip;]<\/p>\n","protected":false},"author":1,"featured_media":0,"parent":0,"menu_order":0,"comment_status":"closed","ping_status":"closed","template":"","meta":{"_acf_changed":false,"_et_pb_use_builder":"on","_et_pb_old_content":"","_et_gb_content_width":"","footnotes":""},"class_list":["post-226","page","type-page","status-publish","hentry"],"acf":[],"_links":{"self":[{"href":"https:\/\/etbalkan.com\/hu\/wp-json\/wp\/v2\/pages\/226","targetHints":{"allow":["GET"]}}],"collection":[{"href":"https:\/\/etbalkan.com\/hu\/wp-json\/wp\/v2\/pages"}],"about":[{"href":"https:\/\/etbalkan.com\/hu\/wp-json\/wp\/v2\/types\/page"}],"author":[{"embeddable":true,"href":"https:\/\/etbalkan.com\/hu\/wp-json\/wp\/v2\/users\/1"}],"replies":[{"embeddable":true,"href":"https:\/\/etbalkan.com\/hu\/wp-json\/wp\/v2\/comments?post=226"}],"version-history":[{"count":8,"href":"https:\/\/etbalkan.com\/hu\/wp-json\/wp\/v2\/pages\/226\/revisions"}],"predecessor-version":[{"id":268,"href":"https:\/\/etbalkan.com\/hu\/wp-json\/wp\/v2\/pages\/226\/revisions\/268"}],"wp:attachment":[{"href":"https:\/\/etbalkan.com\/hu\/wp-json\/wp\/v2\/media?parent=226"}],"curies":[{"name":"wp","href":"https:\/\/api.w.org\/{rel}","templated":true}]}}